{"id":481,"date":"2023-06-13T09:21:40","date_gmt":"2023-06-13T09:21:40","guid":{"rendered":"https:\/\/mdingbv.eu\/?page_id=481"},"modified":"2024-04-10T08:19:28","modified_gmt":"2024-04-10T08:19:28","slug":"about-the-project","status":"publish","type":"page","link":"https:\/\/mdingbv.eu\/es\/about-the-project\/","title":{"rendered":"Sobre el proyecto MDinGBV"},"content":{"rendered":"<div data-elementor-type=\"wp-page\" data-elementor-id=\"481\" class=\"elementor elementor-481\">\n\t\t\t\t\t\t<section class=\"elementor-section elementor-top-section elementor-element elementor-element-03b100a elementor-reverse-tablet elementor-reverse-mobile_extra elementor-reverse-mobile elementor-section-boxed elementor-section-height-default elementor-section-height-default\" data-id=\"03b100a\" data-element_type=\"section\" data-settings=\"{&quot;background_background&quot;:&quot;classic&quot;,&quot;wdt_bg_image&quot;:{&quot;url&quot;:&quot;&quot;,&quot;id&quot;:&quot;&quot;,&quot;size&quot;:&quot;&quot;},&quot;wdt_bg_image_widescreen&quot;:{&quot;url&quot;:&quot;&quot;,&quot;id&quot;:&quot;&quot;,&quot;size&quot;:&quot;&quot;},&quot;wdt_bg_image_laptop&quot;:{&quot;url&quot;:&quot;&quot;,&quot;id&quot;:&quot;&quot;,&quot;size&quot;:&quot;&quot;},&quot;wdt_bg_image_tablet_extra&quot;:{&quot;url&quot;:&quot;&quot;,&quot;id&quot;:&quot;&quot;,&quot;size&quot;:&quot;&quot;},&quot;wdt_bg_image_tablet&quot;:{&quot;url&quot;:&quot;&quot;,&quot;id&quot;:&quot;&quot;,&quot;size&quot;:&quot;&quot;},&quot;wdt_bg_image_mobile_extra&quot;:{&quot;url&quot;:&quot;&quot;,&quot;id&quot;:&quot;&quot;,&quot;size&quot;:&quot;&quot;},&quot;wdt_bg_image_mobile&quot;:{&quot;url&quot;:&quot;&quot;,&quot;id&quot;:&quot;&quot;,&quot;size&quot;:&quot;&quot;},&quot;wdt_bg_position&quot;:&quot;center center&quot;,&quot;wdt_animation_effect&quot;:&quot;none&quot;}\">\n\t\t\t\t\t\t<div class=\"elementor-container elementor-column-gap-no\">\n\t\t\t\t\t<div class=\"elementor-column elementor-col-50 elementor-top-column elementor-element elementor-element-45fc036\" data-id=\"45fc036\" data-element_type=\"column\">\n\t\t\t<div class=\"elementor-widget-wrap elementor-element-populated\">\n\t\t\t\t\t\t<section class=\"elementor-section elementor-inner-section elementor-element elementor-element-e644bb4 elementor-section-full_width elementor-section-height-default elementor-section-height-default\" data-id=\"e644bb4\" data-element_type=\"section\" data-settings=\"{&quot;wdt_bg_image&quot;:{&quot;url&quot;:&quot;&quot;,&quot;id&quot;:&quot;&quot;,&quot;size&quot;:&quot;&quot;},&quot;wdt_bg_image_widescreen&quot;:{&quot;url&quot;:&quot;&quot;,&quot;id&quot;:&quot;&quot;,&quot;size&quot;:&quot;&quot;},&quot;wdt_bg_image_laptop&quot;:{&quot;url&quot;:&quot;&quot;,&quot;id&quot;:&quot;&quot;,&quot;size&quot;:&quot;&quot;},&quot;wdt_bg_image_tablet_extra&quot;:{&quot;url&quot;:&quot;&quot;,&quot;id&quot;:&quot;&quot;,&quot;size&quot;:&quot;&quot;},&quot;wdt_bg_image_tablet&quot;:{&quot;url&quot;:&quot;&quot;,&quot;id&quot;:&quot;&quot;,&quot;size&quot;:&quot;&quot;},&quot;wdt_bg_image_mobile_extra&quot;:{&quot;url&quot;:&quot;&quot;,&quot;id&quot;:&quot;&quot;,&quot;size&quot;:&quot;&quot;},&quot;wdt_bg_image_mobile&quot;:{&quot;url&quot;:&quot;&quot;,&quot;id&quot;:&quot;&quot;,&quot;size&quot;:&quot;&quot;},&quot;wdt_bg_position&quot;:&quot;center center&quot;,&quot;wdt_animation_effect&quot;:&quot;none&quot;}\">\n\t\t\t\t\t\t<div class=\"elementor-container elementor-column-gap-no\">\n\t\t\t\t\t<div class=\"elementor-column elementor-col-100 elementor-inner-column elementor-element elementor-element-29acbd1\" data-id=\"29acbd1\" data-element_type=\"column\">\n\t\t\t<div class=\"elementor-widget-wrap elementor-element-populated\">\n\t\t\t\t\t\t<div class=\"elementor-element elementor-element-339e93f wdt-custom-common-heading-subtitle-type-2 animated-fast before-after-title elementor-invisible elementor-widget elementor-widget-wdt-heading\" data-id=\"339e93f\" data-element_type=\"widget\" data-settings=\"{&quot;_animation&quot;:&quot;fadeInRight&quot;,&quot;_animation_delay&quot;:100,&quot;wdt_animation_effect&quot;:&quot;none&quot;}\" data-widget_type=\"wdt-heading.default\">\n\t\t\t\t<div class=\"elementor-widget-container\">\n\t\t\t\t\t<div class=\"wdt-heading-holder\" id=\"wdt-heading-339e93f\"><div class=\"wdt-heading-subtitle-wrapper wdt-heading-align- wdt-heading-deco-wrapper\"><span class=\"wdt-heading-subtitle\"><span class=\"wdt-heading-deco-inner wdt-left-part\"><span class=\"wdt-heading-deco-icon\"><span class=\"wdt-content-icon-wrapper\"><span class=\"wdt-content-icon\"><span><i aria-hidden=\"true\" class=\"fas fa-circle\"><\/i><\/span><\/span><\/span><\/span><\/span>MDinGBV<span class=\"wdt-heading-deco-inner wdt-right-part\"><span class=\"wdt-heading-deco-icon\"><span class=\"wdt-content-icon-wrapper\"><span class=\"wdt-content-icon\"><span><i aria-hidden=\"true\" class=\"fas fa-circle\"><\/i><\/span><\/span><\/span><\/span><\/span><\/span><\/div><\/div>\t\t\t\t<\/div>\n\t\t\t\t<\/div>\n\t\t\t\t<div class=\"elementor-element elementor-element-bbbaa94 wdt-custom-common-heading-title elementor-widget elementor-widget-qi_addons_for_elementor_animated_text\" data-id=\"bbbaa94\" data-element_type=\"widget\" data-settings=\"{&quot;wdt_animation_effect&quot;:&quot;none&quot;}\" data-widget_type=\"qi_addons_for_elementor_animated_text.default\">\n\t\t\t\t<div class=\"elementor-widget-container\">\n\t\t\t\t\t<div class=\"qodef-shortcode qodef-m qodef-qi-animated-text qodef--animated-by-letter qodef-qi--has-appear qodef--appear-from-right\" >\n\t\t<h1 class=\"qodef-m-title\">\n\t\t<span class=\"qodef-e-word-holder\">Sobre<\/span> <span class=\"qodef-e-word-holder\">proyecto<\/span> <span class=\"qodef-e-word-holder\">MDinGBV<\/span> <span class=\"qodef-e-word-holder\">project<\/span>\t<\/h1>\n<\/div>\n\t\t\t\t<\/div>\n\t\t\t\t<\/div>\n\t\t\t\t\t<\/div>\n\t\t<\/div>\n\t\t\t\t\t<\/div>\n\t\t<\/section>\n\t\t\t\t\t<\/div>\n\t\t<\/div>\n\t\t\t\t<div class=\"elementor-column elementor-col-50 elementor-top-column elementor-element elementor-element-738ba4d\" data-id=\"738ba4d\" data-element_type=\"column\" data-settings=\"{&quot;background_background&quot;:&quot;classic&quot;}\">\n\t\t\t<div class=\"elementor-widget-wrap elementor-element-populated\">\n\t\t\t\t\t\t<div class=\"elementor-element elementor-element-b89c523 elementor-widget elementor-widget-spacer\" data-id=\"b89c523\" data-element_type=\"widget\" data-settings=\"{&quot;wdt_animation_effect&quot;:&quot;none&quot;}\" data-widget_type=\"spacer.default\">\n\t\t\t\t<div class=\"elementor-widget-container\">\n\t\t\t\t\t\t\t<div class=\"elementor-spacer\">\n\t\t\t<div class=\"elementor-spacer-inner\"><\/div>\n\t\t<\/div>\n\t\t\t\t\t\t<\/div>\n\t\t\t\t<\/div>\n\t\t\t\t\t<\/div>\n\t\t<\/div>\n\t\t\t\t\t<\/div>\n\t\t<\/section>\n\t\t\t\t<section class=\"elementor-section elementor-top-section elementor-element elementor-element-09c32fa elementor-section-boxed elementor-section-height-default elementor-section-height-default\" data-id=\"09c32fa\" data-element_type=\"section\" data-settings=\"{&quot;background_background&quot;:&quot;classic&quot;,&quot;wdt_bg_image&quot;:{&quot;url&quot;:&quot;&quot;,&quot;id&quot;:&quot;&quot;,&quot;size&quot;:&quot;&quot;},&quot;wdt_bg_image_widescreen&quot;:{&quot;url&quot;:&quot;&quot;,&quot;id&quot;:&quot;&quot;,&quot;size&quot;:&quot;&quot;},&quot;wdt_bg_image_laptop&quot;:{&quot;url&quot;:&quot;&quot;,&quot;id&quot;:&quot;&quot;,&quot;size&quot;:&quot;&quot;},&quot;wdt_bg_image_tablet_extra&quot;:{&quot;url&quot;:&quot;&quot;,&quot;id&quot;:&quot;&quot;,&quot;size&quot;:&quot;&quot;},&quot;wdt_bg_image_tablet&quot;:{&quot;url&quot;:&quot;&quot;,&quot;id&quot;:&quot;&quot;,&quot;size&quot;:&quot;&quot;},&quot;wdt_bg_image_mobile_extra&quot;:{&quot;url&quot;:&quot;&quot;,&quot;id&quot;:&quot;&quot;,&quot;size&quot;:&quot;&quot;},&quot;wdt_bg_image_mobile&quot;:{&quot;url&quot;:&quot;&quot;,&quot;id&quot;:&quot;&quot;,&quot;size&quot;:&quot;&quot;},&quot;wdt_bg_position&quot;:&quot;center center&quot;,&quot;wdt_animation_effect&quot;:&quot;none&quot;}\">\n\t\t\t\t\t\t<div class=\"elementor-container elementor-column-gap-no\">\n\t\t\t\t\t<div class=\"elementor-column elementor-col-100 elementor-top-column elementor-element elementor-element-e3a9a53\" data-id=\"e3a9a53\" data-element_type=\"column\">\n\t\t\t<div class=\"elementor-widget-wrap elementor-element-populated\">\n\t\t\t\t\t\t<div class=\"elementor-element elementor-element-d5f8d47 wdt-custom-common-heading-subtitle elementor-widget__width-auto animated-fast before-after-title elementor-invisible elementor-widget elementor-widget-wdt-heading\" data-id=\"d5f8d47\" data-element_type=\"widget\" data-settings=\"{&quot;_animation&quot;:&quot;fadeInLeft&quot;,&quot;separator_background_background&quot;:&quot;gradient&quot;,&quot;wdt_animation_effect&quot;:&quot;none&quot;}\" data-widget_type=\"wdt-heading.default\">\n\t\t\t\t<div class=\"elementor-widget-container\">\n\t\t\t\t\t<div class=\"wdt-heading-holder\" id=\"wdt-heading-d5f8d47\"><div class=\"wdt-heading-subtitle-wrapper wdt-heading-align- wdt-heading-deco-wrapper\"><span class=\"wdt-heading-subtitle\"><span class=\"wdt-heading-deco-inner wdt-left-part\"><span class=\"wdt-heading-deco-icon\"><span class=\"wdt-content-icon-wrapper\"><span class=\"wdt-content-icon\"><span><i aria-hidden=\"true\" class=\"fas fa-circle\"><\/i><\/span><\/span><\/span><\/span><\/span>MDinGBV<span class=\"wdt-heading-deco-inner wdt-right-part\"><span class=\"wdt-heading-deco-icon\"><span class=\"wdt-content-icon-wrapper\"><span class=\"wdt-content-icon\"><span><i aria-hidden=\"true\" class=\"fas fa-circle\"><\/i><\/span><\/span><\/span><\/span><\/span><\/span><\/div><\/div>\t\t\t\t<\/div>\n\t\t\t\t<\/div>\n\t\t\t\t<div class=\"elementor-element elementor-element-18754e5 wdt-custom-common-heading-title animated-fast elementor-invisible elementor-widget elementor-widget-qi_addons_for_elementor_animated_text\" data-id=\"18754e5\" data-element_type=\"widget\" data-settings=\"{&quot;_animation&quot;:&quot;fadeInRight&quot;,&quot;wdt_animation_effect&quot;:&quot;none&quot;}\" data-widget_type=\"qi_addons_for_elementor_animated_text.default\">\n\t\t\t\t<div class=\"elementor-widget-container\">\n\t\t\t\t\t<div class=\"qodef-shortcode qodef-m qodef-qi-animated-text qodef--animated-by-letter qodef--alignment-center qodef-qi--has-appear qodef--appear-from-right\" >\n\t\t<h1 class=\"qodef-m-title\">\n\t\t<span class=\"qodef-e-word-holder\">The<\/span> <span class=\"qodef-e-word-holder\">project<\/span> <span class=\"qodef-e-word-holder\">addresses<\/span> <span class=\"qodef-e-word-holder\">proyecto<\/span> <span class=\"qodef-e-word-holder\">needs<\/span> <span class=\"qodef-e-word-holder\">violencias<\/span> <span class=\"qodef-e-word-holder\">proyecto<\/span> <span class=\"qodef-e-word-holder\">three<\/span> <span class=\"qodef-e-word-holder\">countries<\/span> <span class=\"qodef-e-word-holder\">through<\/span> <span class=\"qodef-e-word-holder\">achieving<\/span> <span class=\"qodef-e-word-holder\">six<\/span> <span class=\"qodef-e-word-holder\">main<\/span> <span class=\"qodef-e-word-holder\">objectives:<\/span>\t<\/h1>\n<\/div>\n\t\t\t\t<\/div>\n\t\t\t\t<\/div>\n\t\t\t\t<div class=\"elementor-element elementor-element-dacf222 wdt-custom-process elementor-widget elementor-widget-qi_addons_for_elementor_timeline\" data-id=\"dacf222\" data-element_type=\"widget\" data-settings=\"{&quot;wdt_animation_effect&quot;:&quot;none&quot;}\" data-widget_type=\"qi_addons_for_elementor_timeline.default\">\n\t\t\t\t<div class=\"elementor-widget-container\">\n\t\t\t\t\t<div class=\"qodef-shortcode qodef-m qodef-qi-timeline qodef-timeline--vertical qodef-timeline-layout--vertical-side qodef-line--outside qodef-point--standard qodef-qi--has-appear\">\n\t<div class=\"qodef-e qodef-e-item elementor-repeater-item-2a1bb3f qodef-obverse\">\n\t<div class=\"qodef-e-line-holder\">\n\t\t<span class=\"qodef-e-line\"><\/span>\n\t<\/div>\n\t<div class=\"qodef-e-item-inner\">\n\t\t<div class=\"qodef-e-point-holder\">\n\t\t\t<div class=\"qodef-e-point\">\n\t\t\t\t\t\t\t<\/div>\n\t\t<\/div>\n\t\t<div class=\"qodef-e-item-content\">\n\t\t\t<div class=\"qodef-e-side-holder\">\n\t\t\t\t<div class=\"qodef-e-image\">\n\t<img fetchpriority=\"high\" decoding=\"async\" width=\"566\" height=\"566\" src=\"https:\/\/mdingbv.eu\/wp-content\/uploads\/2024\/02\/imgonline-com-ua-ReplaceColor-8TMWb2SW5uxxEGo.jpg\" class=\"attachment-full size-full\" alt=\"\" srcset=\"https:\/\/mdingbv.eu\/wp-content\/uploads\/2024\/02\/imgonline-com-ua-ReplaceColor-8TMWb2SW5uxxEGo.jpg 566w, https:\/\/mdingbv.eu\/wp-content\/uploads\/2024\/02\/imgonline-com-ua-ReplaceColor-8TMWb2SW5uxxEGo-300x300.jpg 300w, https:\/\/mdingbv.eu\/wp-content\/uploads\/2024\/02\/imgonline-com-ua-ReplaceColor-8TMWb2SW5uxxEGo-150x150.jpg 150w\" sizes=\"(max-width: 566px) 100vw, 566px\" \/><\/div>\n\t\t\t<\/div>\n\t\t\t<div class=\"qodef-e-content-holder\">\n\t\t\t\t\t<div class=\"qodef-e-date\">\n\t\t01\t<\/div>\n\t\t\t\t\t\t<h5 class=\"qodef-e-title\">\n\t\tCreaci\u00f3n de nuevos planes de estudios\t\t<\/h5>\n\t\t\t\t\t\t<p class=\"qodef-e-text\">\n\t\tEl primer objetivo es la creaci\u00f3n de nuevos planes de estudios que mejoren las competencias y potencial de empleabilidad de los estudiantes universitarios de los pa\u00edses involucrados. Dado que existe un limitado n\u00famero de programas de maestr\u00eda en este \u00e1mbito en los pa\u00edses del consorcio, este proyecto intenta cubrir dicha necesidad y ademas favorecer un alcance a nivel regional, nacional y transnacional. El plan de estudios se elaborar\u00e1 en colaboraci\u00f3n con acad\u00e9micos de universidades de Europa y LATAM, quienes aportar\u00e1n conocimientos y an\u00e1lisis sobre los entornos locales, la investigaci\u00f3n sobre la perspectiva de g\u00e9nero y la violencia de g\u00e9nero.\t<\/p>\n\t\t\t\t<\/div>\n\t\t<\/div>\n\t<\/div>\n<\/div>\n<div class=\"qodef-e qodef-e-item elementor-repeater-item-2db1bad qodef-reverse\">\n\t<div class=\"qodef-e-line-holder\">\n\t\t<span class=\"qodef-e-line\"><\/span>\n\t<\/div>\n\t<div class=\"qodef-e-item-inner\">\n\t\t<div class=\"qodef-e-point-holder\">\n\t\t\t<div class=\"qodef-e-point\">\n\t\t\t\t\t\t\t<\/div>\n\t\t<\/div>\n\t\t<div class=\"qodef-e-item-content\">\n\t\t\t<div class=\"qodef-e-side-holder\">\n\t\t\t\t<div class=\"qodef-e-image\">\n\t<img decoding=\"async\" width=\"566\" height=\"566\" src=\"https:\/\/mdingbv.eu\/wp-content\/uploads\/2024\/02\/imgonline-com-ua-ReplaceColor-dHferWLU9BFWLy.jpg\" class=\"attachment-full size-full\" alt=\"\" srcset=\"https:\/\/mdingbv.eu\/wp-content\/uploads\/2024\/02\/imgonline-com-ua-ReplaceColor-dHferWLU9BFWLy.jpg 566w, https:\/\/mdingbv.eu\/wp-content\/uploads\/2024\/02\/imgonline-com-ua-ReplaceColor-dHferWLU9BFWLy-300x300.jpg 300w, https:\/\/mdingbv.eu\/wp-content\/uploads\/2024\/02\/imgonline-com-ua-ReplaceColor-dHferWLU9BFWLy-150x150.jpg 150w\" sizes=\"(max-width: 566px) 100vw, 566px\" \/><\/div>\n\t\t\t<\/div>\n\t\t\t<div class=\"qodef-e-content-holder\">\n\t\t\t\t\t<div class=\"qodef-e-date\">\n\t\t02\t<\/div>\n\t\t\t\t\t\t<h5 class=\"qodef-e-title\">\n\t\tV\u00ednculos entre las universidades y los mercados laborales\t\t<\/h5>\n\t\t\t\t\t\t<p class=\"qodef-e-text\">\n\t\tEl segundo objetivo es desarrollar y fortalecer los v\u00ednculos entre las universidades y el mercado laboral en tres pa\u00edses latinoamericanos. Este objetivo est\u00e1 relacionado con la tasa de empleabilidad de los graduados, especialmente de las facultades de ciencias sociales. Para lograr este objetivo, diversos actores de la sociedad participar\u00e1n activamente en el dise\u00f1o de los cursos, aportando su experiencia y atendiendo a las necesidades actuales de los diferentes sectores del entorno. Adem\u00e1s, el proyecto ofrecer\u00e1 un programa de pr\u00e1cticas con al menos 30 vacantes para graduados del m\u00e1ster o estudiantes que hayan participado en los cursos.\t<\/p>\n\t\t\t\t<\/div>\n\t\t<\/div>\n\t<\/div>\n<\/div>\n<div class=\"qodef-e qodef-e-item elementor-repeater-item-6e4a77b qodef-obverse\">\n\t<div class=\"qodef-e-line-holder\">\n\t\t<span class=\"qodef-e-line\"><\/span>\n\t<\/div>\n\t<div class=\"qodef-e-item-inner\">\n\t\t<div class=\"qodef-e-point-holder\">\n\t\t\t<div class=\"qodef-e-point\">\n\t\t\t\t\t\t\t<\/div>\n\t\t<\/div>\n\t\t<div class=\"qodef-e-item-content\">\n\t\t\t<div class=\"qodef-e-side-holder\">\n\t\t\t\t<div class=\"qodef-e-image\">\n\t<img decoding=\"async\" width=\"566\" height=\"566\" src=\"https:\/\/mdingbv.eu\/wp-content\/uploads\/2024\/02\/imgonline-com-ua-ReplaceColor-IInBi9TYO3iZxuOr.jpg\" class=\"attachment-full size-full\" alt=\"\" srcset=\"https:\/\/mdingbv.eu\/wp-content\/uploads\/2024\/02\/imgonline-com-ua-ReplaceColor-IInBi9TYO3iZxuOr.jpg 566w, https:\/\/mdingbv.eu\/wp-content\/uploads\/2024\/02\/imgonline-com-ua-ReplaceColor-IInBi9TYO3iZxuOr-300x300.jpg 300w, https:\/\/mdingbv.eu\/wp-content\/uploads\/2024\/02\/imgonline-com-ua-ReplaceColor-IInBi9TYO3iZxuOr-150x150.jpg 150w\" sizes=\"(max-width: 566px) 100vw, 566px\" \/><\/div>\n\t\t\t<\/div>\n\t\t\t<div class=\"qodef-e-content-holder\">\n\t\t\t\t\t<div class=\"qodef-e-date\">\n\t\t03\t<\/div>\n\t\t\t\t\t\t<h5 class=\"qodef-e-title\">\n\t\tCooperaci\u00f3n internacional a trav\u00e9s de la O.U.\t\t<\/h5>\n\t\t\t\t\t\t<p class=\"qodef-e-text\">\n\t\tEl tercer objetivo es fomentar la cooperaci\u00f3n entre diferentes pa\u00edses de Am\u00e9rica Latina y Europa mediante la creaci\u00f3n de la Unidad Observatorio de la Violencia de G\u00e9nero. Esta Unidad ser\u00e1 de libre acceso y contar\u00e1 con el apoyo no s\u00f3lo del personal acad\u00e9mico, sino tambi\u00e9n de estudiantes y, cuando sea necesario, de actores de la sociedad civil y profesionales de otras disciplinas. Proporcionar\u00e1 datos, art\u00edculos y todo tipo de fuentes  relacionadas con la violencia de g\u00e9nero, con el fin de promover y apoyar la investigaci\u00f3n sobre dicho tema.\t<\/p>\n\t\t\t\t<\/div>\n\t\t<\/div>\n\t<\/div>\n<\/div>\n<div class=\"qodef-e qodef-e-item elementor-repeater-item-2d58e0d qodef-reverse\">\n\t<div class=\"qodef-e-line-holder\">\n\t\t<span class=\"qodef-e-line\"><\/span>\n\t<\/div>\n\t<div class=\"qodef-e-item-inner\">\n\t\t<div class=\"qodef-e-point-holder\">\n\t\t\t<div class=\"qodef-e-point\">\n\t\t\t\t\t\t\t<\/div>\n\t\t<\/div>\n\t\t<div class=\"qodef-e-item-content\">\n\t\t\t<div class=\"qodef-e-side-holder\">\n\t\t\t\t<div class=\"qodef-e-image\">\n\t<img loading=\"lazy\" decoding=\"async\" width=\"566\" height=\"566\" src=\"https:\/\/mdingbv.eu\/wp-content\/uploads\/2024\/02\/imgonline-com-ua-ReplaceColor-bzWVCdgjSSQ.jpg\" class=\"attachment-full size-full\" alt=\"\" srcset=\"https:\/\/mdingbv.eu\/wp-content\/uploads\/2024\/02\/imgonline-com-ua-ReplaceColor-bzWVCdgjSSQ.jpg 566w, https:\/\/mdingbv.eu\/wp-content\/uploads\/2024\/02\/imgonline-com-ua-ReplaceColor-bzWVCdgjSSQ-300x300.jpg 300w, https:\/\/mdingbv.eu\/wp-content\/uploads\/2024\/02\/imgonline-com-ua-ReplaceColor-bzWVCdgjSSQ-150x150.jpg 150w\" sizes=\"(max-width: 566px) 100vw, 566px\" \/><\/div>\n\t\t\t<\/div>\n\t\t\t<div class=\"qodef-e-content-holder\">\n\t\t\t\t\t<div class=\"qodef-e-date\">\n\t\t04\t<\/div>\n\t\t\t\t\t\t<h5 class=\"qodef-e-title\">\n\t\tMejora de las competencias digitales del profesorado\t\t<\/h5>\n\t\t\t\t\t\t<p class=\"qodef-e-text\">\n\t\tEl cuarto objetivo es potenciar los mecanismos y enfoques pedag\u00f3gicos mejorando las capacidades digitales del personal acad\u00e9mico. El personal acad\u00e9mico recibir\u00e1 formaci\u00f3n sobre el uso de herramientas digitales y tecnolog\u00eda en su enfoques pedag\u00f3gicos. Sus necesidades se definir\u00e1n mediante una evaluaci\u00f3n, con el fin de crear una formaci\u00f3n espec\u00edfica pertinente. Durante la realizaci\u00f3n del m\u00e1ster\/cursos, estos conocimientos se transferir\u00e1n a los estudiantes que participen en los cursos. Al menos 10 estudiantes participar\u00e1n en la movilidad virtual.\t<\/p>\n\t\t\t\t<\/div>\n\t\t<\/div>\n\t<\/div>\n<\/div>\n<div class=\"qodef-e qodef-e-item elementor-repeater-item-5ff1d13 qodef-obverse\">\n\t<div class=\"qodef-e-line-holder\">\n\t\t<span class=\"qodef-e-line\"><\/span>\n\t<\/div>\n\t<div class=\"qodef-e-item-inner\">\n\t\t<div class=\"qodef-e-point-holder\">\n\t\t\t<div class=\"qodef-e-point\">\n\t\t\t\t\t\t\t<\/div>\n\t\t<\/div>\n\t\t<div class=\"qodef-e-item-content\">\n\t\t\t<div class=\"qodef-e-side-holder\">\n\t\t\t\t<div class=\"qodef-e-image\">\n\t<img loading=\"lazy\" decoding=\"async\" width=\"750\" height=\"780\" src=\"https:\/\/mdingbv.eu\/wp-content\/uploads\/2024\/02\/imgonline-com-ua-ReplaceColor-Hkbo7MQVdDS.jpg\" class=\"attachment-full size-full\" alt=\"\" srcset=\"https:\/\/mdingbv.eu\/wp-content\/uploads\/2024\/02\/imgonline-com-ua-ReplaceColor-Hkbo7MQVdDS.jpg 750w, https:\/\/mdingbv.eu\/wp-content\/uploads\/2024\/02\/imgonline-com-ua-ReplaceColor-Hkbo7MQVdDS-288x300.jpg 288w\" sizes=\"(max-width: 750px) 100vw, 750px\" \/><\/div>\n\t\t\t<\/div>\n\t\t\t<div class=\"qodef-e-content-holder\">\n\t\t\t\t\t<div class=\"qodef-e-date\">\n\t\t05\t<\/div>\n\t\t\t\t\t\t<h5 class=\"qodef-e-title\">\n\t\tModernizaci\u00f3n de las IES por recomendaci\u00f3n de los estudiantes\t\t<\/h5>\n\t\t\t\t\t\t<p class=\"qodef-e-text\">\n\t\tEl quinto objetivo es apoyar la modernizaci\u00f3n de las Instituciones de Educaci\u00f3n Superior (IES) promoviendo una reforma en t\u00e9rminos de gobernanza, con la participaci\u00f3n activa de los estudiantes en la creaci\u00f3n de mecanismos que garanticen la protecci\u00f3n relacionada con la violencia de g\u00e9nero, promoviendo la seguridad en las IES y mitigando el riesgo de exclusi\u00f3n a trav\u00e9s de un enfoque sensible al g\u00e9nero. Esto se lograr\u00e1 mediante un ejercicio de investigaci\u00f3n realizado por al menos 10 estudiantes en cada universidad participante de ALC. Tras el mapeo, la observaci\u00f3n y las entrevistas, los estudiantes presentar\u00e1n sus sugerencias al Consejo Universitario, promoviendo as\u00ed su participaci\u00f3n.\t<\/p>\n\t\t\t\t<\/div>\n\t\t<\/div>\n\t<\/div>\n<\/div>\n<div class=\"qodef-e qodef-e-item elementor-repeater-item-230a93c qodef-reverse\">\n\t<div class=\"qodef-e-line-holder\">\n\t\t<span class=\"qodef-e-line\"><\/span>\n\t<\/div>\n\t<div class=\"qodef-e-item-inner\">\n\t\t<div class=\"qodef-e-point-holder\">\n\t\t\t<div class=\"qodef-e-point\">\n\t\t\t\t\t\t\t<\/div>\n\t\t<\/div>\n\t\t<div class=\"qodef-e-item-content\">\n\t\t\t<div class=\"qodef-e-side-holder\">\n\t\t\t\t<div class=\"qodef-e-image\">\n\t<img loading=\"lazy\" decoding=\"async\" width=\"800\" height=\"685\" src=\"https:\/\/mdingbv.eu\/wp-content\/uploads\/2024\/02\/imgonline-com-ua-ReplaceColor-ygawzaqoDG.jpg\" class=\"attachment-full size-full\" alt=\"\" srcset=\"https:\/\/mdingbv.eu\/wp-content\/uploads\/2024\/02\/imgonline-com-ua-ReplaceColor-ygawzaqoDG.jpg 800w, https:\/\/mdingbv.eu\/wp-content\/uploads\/2024\/02\/imgonline-com-ua-ReplaceColor-ygawzaqoDG-300x257.jpg 300w, https:\/\/mdingbv.eu\/wp-content\/uploads\/2024\/02\/imgonline-com-ua-ReplaceColor-ygawzaqoDG-768x658.jpg 768w\" sizes=\"(max-width: 800px) 100vw, 800px\" \/><\/div>\n\t\t\t<\/div>\n\t\t\t<div class=\"qodef-e-content-holder\">\n\t\t\t\t\t<div class=\"qodef-e-date\">\n\t\t06\t<\/div>\n\t\t\t\t\t\t<h5 class=\"qodef-e-title\">\n\t\tSynergies through dissemination\t\t<\/h5>\n\t\t\t\t\t\t<p class=\"qodef-e-text\">\n\t\tEl \u00faltimo objetivo es crear sinergias entre universidades, autoridades p\u00fablicas y actores de la sociedad civil para generar conciencia sobre la violencia de g\u00e9nero y desarrollar soluciones dirigidas a los grupos vulnerables de la sociedad. Esto se lograr\u00e1 mediante diversas actividades de difusi\u00f3n a nivel local, nacional e internacional.\t<\/p>\n\t\t\t\t<\/div>\n\t\t<\/div>\n\t<\/div>\n<\/div>\n<\/div>\n\t\t\t\t<\/div>\n\t\t\t\t<\/div>\n\t\t\t\t\t<\/div>\n\t\t<\/div>\n\t\t\t\t\t<\/div>\n\t\t<\/section>\n\t\t\t\t<\/div>","protected":false},"excerpt":{"rendered":"<p>MDinGBV About the MDinGBV project MDinGBV The project addresses the needs in the three countries through achieving six main objectives: 01 Creation of new curricula The first objective is related to the creation of new curricula that will improve the competences, skills, and employability potential of university students in these countries. As very few Master&#039;s [&hellip;]<\/p>","protected":false},"author":1,"featured_media":0,"parent":0,"menu_order":0,"comment_status":"closed","ping_status":"closed","template":"elementor_header_footer","meta":{"footnotes":""},"class_list":["post-481","page","type-page","status-publish","hentry"],"_links":{"self":[{"href":"https:\/\/mdingbv.eu\/es\/wp-json\/wp\/v2\/pages\/481","targetHints":{"allow":["GET"]}}],"collection":[{"href":"https:\/\/mdingbv.eu\/es\/wp-json\/wp\/v2\/pages"}],"about":[{"href":"https:\/\/mdingbv.eu\/es\/wp-json\/wp\/v2\/types\/page"}],"author":[{"embeddable":true,"href":"https:\/\/mdingbv.eu\/es\/wp-json\/wp\/v2\/users\/1"}],"replies":[{"embeddable":true,"href":"https:\/\/mdingbv.eu\/es\/wp-json\/wp\/v2\/comments?post=481"}],"version-history":[{"count":58,"href":"https:\/\/mdingbv.eu\/es\/wp-json\/wp\/v2\/pages\/481\/revisions"}],"predecessor-version":[{"id":3018,"href":"https:\/\/mdingbv.eu\/es\/wp-json\/wp\/v2\/pages\/481\/revisions\/3018"}],"wp:attachment":[{"href":"https:\/\/mdingbv.eu\/es\/wp-json\/wp\/v2\/media?parent=481"}],"curies":[{"name":"wp","href":"https:\/\/api.w.org\/{rel}","templated":true}]}}