{"id":3005,"date":"2024-04-10T08:04:15","date_gmt":"2024-04-10T08:04:15","guid":{"rendered":"https:\/\/mdingbv.eu\/services\/virtual-learning-environment-copy\/"},"modified":"2026-02-16T07:53:13","modified_gmt":"2026-02-16T07:53:13","slug":"msc-in-gbv","status":"publish","type":"page","link":"https:\/\/mdingbv.eu\/es\/services\/msc-in-gbv\/","title":{"rendered":"Msc in GBV"},"content":{"rendered":"<div data-elementor-type=\"wp-page\" data-elementor-id=\"3005\" class=\"elementor elementor-3005\">\n\t\t\t\t\t\t<section class=\"elementor-section elementor-top-section elementor-element elementor-element-ffa8dad elementor-section-boxed elementor-section-height-default elementor-section-height-default\" data-id=\"ffa8dad\" data-element_type=\"section\" data-settings=\"{&quot;wdt_bg_image&quot;:{&quot;url&quot;:&quot;&quot;,&quot;id&quot;:&quot;&quot;,&quot;size&quot;:&quot;&quot;},&quot;wdt_bg_image_widescreen&quot;:{&quot;url&quot;:&quot;&quot;,&quot;id&quot;:&quot;&quot;,&quot;size&quot;:&quot;&quot;},&quot;wdt_bg_image_laptop&quot;:{&quot;url&quot;:&quot;&quot;,&quot;id&quot;:&quot;&quot;,&quot;size&quot;:&quot;&quot;},&quot;wdt_bg_image_tablet_extra&quot;:{&quot;url&quot;:&quot;&quot;,&quot;id&quot;:&quot;&quot;,&quot;size&quot;:&quot;&quot;},&quot;wdt_bg_image_tablet&quot;:{&quot;url&quot;:&quot;&quot;,&quot;id&quot;:&quot;&quot;,&quot;size&quot;:&quot;&quot;},&quot;wdt_bg_image_mobile_extra&quot;:{&quot;url&quot;:&quot;&quot;,&quot;id&quot;:&quot;&quot;,&quot;size&quot;:&quot;&quot;},&quot;wdt_bg_image_mobile&quot;:{&quot;url&quot;:&quot;&quot;,&quot;id&quot;:&quot;&quot;,&quot;size&quot;:&quot;&quot;},&quot;wdt_bg_position&quot;:&quot;center center&quot;,&quot;wdt_animation_effect&quot;:&quot;none&quot;}\">\n\t\t\t\t\t\t<div class=\"elementor-container elementor-column-gap-default\">\n\t\t\t\t\t<div class=\"elementor-column elementor-col-100 elementor-top-column elementor-element elementor-element-7622203\" data-id=\"7622203\" data-element_type=\"column\">\n\t\t\t<div class=\"elementor-widget-wrap elementor-element-populated\">\n\t\t\t\t\t\t<div class=\"elementor-element elementor-element-2d10d92 elementor-widget elementor-widget-heading\" data-id=\"2d10d92\" data-element_type=\"widget\" data-settings=\"{&quot;wdt_animation_effect&quot;:&quot;none&quot;}\" data-widget_type=\"heading.default\">\n\t\t\t\t<div class=\"elementor-widget-container\">\n\t\t\t\t\t<h2 class=\"elementor-heading-title elementor-size-default\">MDinGBV project presented at Pontificia Universidad Javeriana and Universidad de los Andes in Bogota, Colombia<\/h2>\t\t\t\t<\/div>\n\t\t\t\t<\/div>\n\t\t\t\t<div class=\"elementor-element elementor-element-0210d8b elementor-widget elementor-widget-text-editor\" data-id=\"0210d8b\" data-element_type=\"widget\" data-settings=\"{&quot;wdt_animation_effect&quot;:&quot;none&quot;}\" data-widget_type=\"text-editor.default\">\n\t\t\t\t<div class=\"elementor-widget-container\">\n\t\t\t\t\t\t\t\t\t<p><span style=\"color: #000000;\">As part of the dissemination activities of the European project Master\u2019s Degree in Gender-Based Violence (MDinGBV) \u2013 co-funded by the European Commission \u2013 representatives from the University of Ljubljana, prof. dr. Aleksandra Kanjuo Mr\u010dela and Ms Vika Pu\u0161nik visited the Pontificia Universidad Javeriana and Universidad de los Andes in Bogot\u00e1, Colombia.<\/span><\/p><p><span style=\"color: #000000;\">Professor Aleksandra Kanjuo Mr\u010dela presented the project\u2019s goals and ongoing work, emphasizing the importance of international collaboration in advancing education and research on gender-based violence. The visit fostered dialogue on how academic institutions can strengthen equality, inclusion, and prevention strategies through interdisciplinary and cross-regional cooperation.<\/span><br \/><span style=\"color: #000000;\">At the Pontificia Universidad Javeriana Professor Kanjuo Mr\u010dela and Ms Pu\u0161nik met with Camilo Bonilla (International Cooperation Coordinator), Oriana Galofre (International Mobility Officer), Erika Ospina (Research Capacity Building Coordinator), and representatives from Javeriana\u2019s International Affairs Office. The meeting strengthened ties between the institutions and opened new avenues for collaboration in research, mobility, and joint academic initiatives.<\/span><br \/><span style=\"color: #000000;\">During the visit, a podcast recording at the Pontificia Universidad Javeriana led by Mariana Plazas J\u00e1come provided a platform for an in-depth discussion on gender equality in academia. The conversation explored how Slovenia\u2019s social and economic transformations have shaped gender relations in higher education and compared these dynamics with the Latin American context, particularly Colombia.<\/span><\/p><p><span style=\"color: #000000;\">At the Universidad de los Andes Professor Kanjuo Mr\u010dela and Ms Vika Pu\u0161nik met with Johan Sebasti\u00e1n Cruz Ram\u00edrez (Academic Cooperation Officer), Andr\u00e9s Mantilla (Uniandes Science Diplomacy Officer) and Prof. dr. Matthieu de Castelbajac (professor and researcher at the Department of Sociology). After presentation of the project Master\u2019s Degree in Gender-Based Violence (MDinGBV) by representatives of the University of Ljubljana, representatives of the Universidad de los Andes presented their institution, its history, current position and activities, with a special focus on research in sociology. The visit opened possibilities for future collaboration, especially in research.<\/span><\/p><p><span style=\"color: #000000;\">This visit marked an important milestone in disseminating the MDinGBV project\u2019s objectives in Latin America, promoting dialogue between European and Colombian partners, and reinforcing the shared commitment to advancing gender equality in higher education and beyond.<\/span><\/p>\t\t\t\t\t\t\t\t<\/div>\n\t\t\t\t<\/div>\n\t\t\t\t\t<\/div>\n\t\t<\/div>\n\t\t\t\t\t<\/div>\n\t\t<\/section>\n\t\t\t\t<section class=\"elementor-section elementor-top-section elementor-element elementor-element-ae2679c elementor-section-full_width elementor-section-height-default elementor-section-height-default\" data-id=\"ae2679c\" data-element_type=\"section\" data-settings=\"{&quot;wdt_bg_image&quot;:{&quot;url&quot;:&quot;&quot;,&quot;id&quot;:&quot;&quot;,&quot;size&quot;:&quot;&quot;},&quot;wdt_bg_image_widescreen&quot;:{&quot;url&quot;:&quot;&quot;,&quot;id&quot;:&quot;&quot;,&quot;size&quot;:&quot;&quot;},&quot;wdt_bg_image_laptop&quot;:{&quot;url&quot;:&quot;&quot;,&quot;id&quot;:&quot;&quot;,&quot;size&quot;:&quot;&quot;},&quot;wdt_bg_image_tablet_extra&quot;:{&quot;url&quot;:&quot;&quot;,&quot;id&quot;:&quot;&quot;,&quot;size&quot;:&quot;&quot;},&quot;wdt_bg_image_tablet&quot;:{&quot;url&quot;:&quot;&quot;,&quot;id&quot;:&quot;&quot;,&quot;size&quot;:&quot;&quot;},&quot;wdt_bg_image_mobile_extra&quot;:{&quot;url&quot;:&quot;&quot;,&quot;id&quot;:&quot;&quot;,&quot;size&quot;:&quot;&quot;},&quot;wdt_bg_image_mobile&quot;:{&quot;url&quot;:&quot;&quot;,&quot;id&quot;:&quot;&quot;,&quot;size&quot;:&quot;&quot;},&quot;wdt_bg_position&quot;:&quot;center center&quot;,&quot;wdt_animation_effect&quot;:&quot;none&quot;}\">\n\t\t\t\t\t\t<div class=\"elementor-container elementor-column-gap-default\">\n\t\t\t\t\t<div class=\"elementor-column elementor-col-100 elementor-top-column elementor-element elementor-element-8360ece\" data-id=\"8360ece\" data-element_type=\"column\">\n\t\t\t<div class=\"elementor-widget-wrap elementor-element-populated\">\n\t\t\t\t\t\t<div class=\"elementor-element elementor-element-f00c518 elementor-widget elementor-widget-image-gallery\" data-id=\"f00c518\" data-element_type=\"widget\" data-settings=\"{&quot;wdt_animation_effect&quot;:&quot;none&quot;}\" data-widget_type=\"image-gallery.default\">\n\t\t\t\t<div class=\"elementor-widget-container\">\n\t\t\t\t\t\t\t<div class=\"elementor-image-gallery\">\n\t\t\t<div id='gallery-1' class='gallery galleryid-3005 gallery-columns-4 gallery-size-full'><figure class='gallery-item'>\n\t\t\t<div class='gallery-icon portrait'>\n\t\t\t\t<a data-elementor-open-lightbox=\"yes\" data-elementor-lightbox-slideshow=\"f00c518\" data-elementor-lightbox-title=\"20251031_111338\" data-e-action-hash=\"#elementor-action%3Aaction%3Dlightbox%26settings%3DeyJpZCI6MzY1NCwidXJsIjoiaHR0cHM6XC9cL21kaW5nYnYuZXVcL3dwLWNvbnRlbnRcL3VwbG9hZHNcLzIwMjVcLzExXC8yMDI1MTAzMV8xMTEzMzgtc2NhbGVkLWUxNzYyMTc0MTMyOTUwLmpwZyIsInNsaWRlc2hvdyI6ImYwMGM1MTgifQ%3D%3D\" href='https:\/\/mdingbv.eu\/wp-content\/uploads\/2025\/11\/20251031_111338-scaled-e1762174132950.jpg'><img fetchpriority=\"high\" decoding=\"async\" width=\"1920\" height=\"2560\" src=\"https:\/\/mdingbv.eu\/wp-content\/uploads\/2025\/11\/20251031_111338-scaled-e1762174132950.jpg\" class=\"attachment-full size-full\" alt=\"\" srcset=\"https:\/\/mdingbv.eu\/wp-content\/uploads\/2025\/11\/20251031_111338-scaled-e1762174132950.jpg 1920w, https:\/\/mdingbv.eu\/wp-content\/uploads\/2025\/11\/20251031_111338-scaled-e1762174132950-225x300.jpg 225w, https:\/\/mdingbv.eu\/wp-content\/uploads\/2025\/11\/20251031_111338-scaled-e1762174132950-768x1024.jpg 768w, https:\/\/mdingbv.eu\/wp-content\/uploads\/2025\/11\/20251031_111338-scaled-e1762174132950-1152x1536.jpg 1152w, https:\/\/mdingbv.eu\/wp-content\/uploads\/2025\/11\/20251031_111338-scaled-e1762174132950-1536x2048.jpg 1536w, https:\/\/mdingbv.eu\/wp-content\/uploads\/2025\/11\/20251031_111338-scaled-e1762174132950-9x12.jpg 9w, https:\/\/mdingbv.eu\/wp-content\/uploads\/2025\/11\/20251031_111338-scaled-e1762174132950-205x273.jpg 205w, https:\/\/mdingbv.eu\/wp-content\/uploads\/2025\/11\/20251031_111338-scaled-e1762174132950-480x640.jpg 480w\" sizes=\"(max-width: 1920px) 100vw, 1920px\" \/><\/a>\n\t\t\t<\/div><\/figure><figure class='gallery-item'>\n\t\t\t<div class='gallery-icon portrait'>\n\t\t\t\t<a data-elementor-open-lightbox=\"yes\" data-elementor-lightbox-slideshow=\"f00c518\" data-elementor-lightbox-title=\"20251031_121420\" data-e-action-hash=\"#elementor-action%3Aaction%3Dlightbox%26settings%3DeyJpZCI6MzY1NSwidXJsIjoiaHR0cHM6XC9cL21kaW5nYnYuZXVcL3dwLWNvbnRlbnRcL3VwbG9hZHNcLzIwMjVcLzExXC8yMDI1MTAzMV8xMjE0MjAtc2NhbGVkLWUxNzYyMTc0MTE3NTkwLmpwZyIsInNsaWRlc2hvdyI6ImYwMGM1MTgifQ%3D%3D\" href='https:\/\/mdingbv.eu\/wp-content\/uploads\/2025\/11\/20251031_121420-scaled-e1762174117590.jpg'><img decoding=\"async\" width=\"1920\" height=\"2560\" src=\"https:\/\/mdingbv.eu\/wp-content\/uploads\/2025\/11\/20251031_121420-scaled-e1762174117590.jpg\" class=\"attachment-full size-full\" alt=\"\" srcset=\"https:\/\/mdingbv.eu\/wp-content\/uploads\/2025\/11\/20251031_121420-scaled-e1762174117590.jpg 1920w, https:\/\/mdingbv.eu\/wp-content\/uploads\/2025\/11\/20251031_121420-scaled-e1762174117590-225x300.jpg 225w, https:\/\/mdingbv.eu\/wp-content\/uploads\/2025\/11\/20251031_121420-scaled-e1762174117590-768x1024.jpg 768w, https:\/\/mdingbv.eu\/wp-content\/uploads\/2025\/11\/20251031_121420-scaled-e1762174117590-1152x1536.jpg 1152w, https:\/\/mdingbv.eu\/wp-content\/uploads\/2025\/11\/20251031_121420-scaled-e1762174117590-1536x2048.jpg 1536w, https:\/\/mdingbv.eu\/wp-content\/uploads\/2025\/11\/20251031_121420-scaled-e1762174117590-9x12.jpg 9w, https:\/\/mdingbv.eu\/wp-content\/uploads\/2025\/11\/20251031_121420-scaled-e1762174117590-205x273.jpg 205w, https:\/\/mdingbv.eu\/wp-content\/uploads\/2025\/11\/20251031_121420-scaled-e1762174117590-480x640.jpg 480w\" sizes=\"(max-width: 1920px) 100vw, 1920px\" \/><\/a>\n\t\t\t<\/div><\/figure><figure class='gallery-item'>\n\t\t\t<div class='gallery-icon landscape'>\n\t\t\t\t<a data-elementor-open-lightbox=\"yes\" data-elementor-lightbox-slideshow=\"f00c518\" data-elementor-lightbox-title=\"20251031_100756\" data-e-action-hash=\"#elementor-action%3Aaction%3Dlightbox%26settings%3DeyJpZCI6MzY1NiwidXJsIjoiaHR0cHM6XC9cL21kaW5nYnYuZXVcL3dwLWNvbnRlbnRcL3VwbG9hZHNcLzIwMjVcLzExXC8yMDI1MTAzMV8xMDA3NTYtc2NhbGVkLmpwZyIsInNsaWRlc2hvdyI6ImYwMGM1MTgifQ%3D%3D\" href='https:\/\/mdingbv.eu\/wp-content\/uploads\/2025\/11\/20251031_100756-scaled.jpg'><img decoding=\"async\" width=\"2560\" height=\"1920\" src=\"https:\/\/mdingbv.eu\/wp-content\/uploads\/2025\/11\/20251031_100756-scaled.jpg\" class=\"attachment-full size-full\" alt=\"\" srcset=\"https:\/\/mdingbv.eu\/wp-content\/uploads\/2025\/11\/20251031_100756-scaled.jpg 2560w, https:\/\/mdingbv.eu\/wp-content\/uploads\/2025\/11\/20251031_100756-300x225.jpg 300w, https:\/\/mdingbv.eu\/wp-content\/uploads\/2025\/11\/20251031_100756-1024x768.jpg 1024w, https:\/\/mdingbv.eu\/wp-content\/uploads\/2025\/11\/20251031_100756-768x576.jpg 768w, https:\/\/mdingbv.eu\/wp-content\/uploads\/2025\/11\/20251031_100756-1536x1152.jpg 1536w, https:\/\/mdingbv.eu\/wp-content\/uploads\/2025\/11\/20251031_100756-2048x1536.jpg 2048w, https:\/\/mdingbv.eu\/wp-content\/uploads\/2025\/11\/20251031_100756-16x12.jpg 16w, https:\/\/mdingbv.eu\/wp-content\/uploads\/2025\/11\/20251031_100756-205x154.jpg 205w, https:\/\/mdingbv.eu\/wp-content\/uploads\/2025\/11\/20251031_100756-480x360.jpg 480w\" sizes=\"(max-width: 2560px) 100vw, 2560px\" \/><\/a>\n\t\t\t<\/div><\/figure>\n\t\t<\/div>\n\t\t<\/div>\n\t\t\t\t\t\t<\/div>\n\t\t\t\t<\/div>\n\t\t\t\t<div class=\"elementor-element elementor-element-32b4bc7 elementor-widget elementor-widget-text-editor\" data-id=\"32b4bc7\" data-element_type=\"widget\" data-settings=\"{&quot;wdt_animation_effect&quot;:&quot;none&quot;}\" data-widget_type=\"text-editor.default\">\n\t\t\t\t<div class=\"elementor-widget-container\">\n\t\t\t\t\t\t\t\t\t<div class=\"course-table-wrap\"><table class=\"course-table\"><thead><tr><th><span style=\"color: #000000;\">University<\/span><\/th><th><span style=\"color: #000000;\">Course Title<\/span><\/th><th><span style=\"color: #000000;\">Language<\/span><\/th><th><span style=\"color: #000000;\">Available<\/span><\/th><\/tr><\/thead><tbody><tr><td><span style=\"color: #000000;\">Medellin (CO)<\/span><\/td><td><span style=\"color: #000000;\">Seminario complementario III: Violencia de g\u00e9nero en el marco del conflicto armado<\/span><\/td><td><span style=\"color: #000000;\">Spanish<\/span><\/td><td><span class=\"pill yes\" style=\"color: #000000;\">YES<\/span><\/td><\/tr><tr><td><span style=\"color: #000000;\">Medellin (CO)<\/span><\/td><td><span style=\"color: #000000;\">Seminario en disidencias sexuales, de g\u00e9nero y corporales<\/span><\/td><td><span style=\"color: #000000;\">Spanish<\/span><\/td><td><span class=\"pill yes\" style=\"color: #000000;\">YES<\/span><\/td><\/tr><tr><td><span style=\"color: #000000;\">Medellin (CO)<\/span><\/td><td><span style=\"color: #000000;\">Seminario complementario: Feminidades y masculinidades<\/span><\/td><td><span style=\"color: #000000;\">Spanish<\/span><\/td><td><span class=\"pill yes\" style=\"color: #000000;\">YES<\/span><\/td><\/tr><tr><td><span style=\"color: #000000;\">Medellin (CO)<\/span><\/td><td><span style=\"color: #000000;\">Complementary Seminar: Gender-based violence in the context of armed conflict<\/span><\/td><td><span style=\"color: #000000;\">English<\/span><\/td><td><span class=\"pill yes\" style=\"color: #000000;\">YES<\/span><\/td><\/tr><tr><td><span style=\"color: #000000;\">Medellin (CO)<\/span><\/td><td><span style=\"color: #000000;\">Seminar on Sexual, Gender and Bodily Dissidences<\/span><\/td><td><span style=\"color: #000000;\">English<\/span><\/td><td><span class=\"pill yes\" style=\"color: #000000;\">YES<\/span><\/td><\/tr><tr><td><span style=\"color: #000000;\">Medellin (CO)<\/span><\/td><td><span style=\"color: #000000;\">Complementary Seminar: Femininities and masculinities<\/span><\/td><td><span style=\"color: #000000;\">English<\/span><\/td><td><span class=\"pill yes\" style=\"color: #000000;\">YES<\/span><\/td><\/tr><tr><td><span style=\"color: #000000;\">Cayetano (PE)<\/span><\/td><td><span style=\"color: #000000;\">Intervenci\u00f3n y abordaje multidisciplinario de la violencia de g\u00e9nero en ni\u00f1os, ni\u00f1as y adolescentes<\/span><\/td><td><span style=\"color: #000000;\">Spanish<\/span><\/td><td><span class=\"pill yes\" style=\"color: #000000;\">YES<\/span><\/td><\/tr><tr><td><span style=\"color: #000000;\">Cayetano (PE)<\/span><\/td><td><span style=\"color: #000000;\">Metodolog\u00eda de la investigaci\u00f3n<\/span><\/td><td><span style=\"color: #000000;\">Spanish<\/span><\/td><td><span class=\"pill yes\" style=\"color: #000000;\">YES<\/span><\/td><\/tr><tr><td><span style=\"color: #000000;\">Cayetano (PE)<\/span><\/td><td><span style=\"color: #000000;\">Research Methodology<\/span><\/td><td><span style=\"color: #000000;\">English<\/span><\/td><td><span class=\"pill no\" style=\"color: #000000;\">NO<\/span><\/td><\/tr><tr><td><span style=\"color: #000000;\">Cayetano (PE)<\/span><\/td><td><span style=\"color: #000000;\">Intervention and multidisciplinary approach to gender-based violence in children and adolescents<\/span><\/td><td><span style=\"color: #000000;\">English<\/span><\/td><td><span class=\"pill no\" style=\"color: #000000;\">NO<\/span><\/td><\/tr><tr><td><span style=\"color: #000000;\">Guadalajara (MX)<\/span><\/td><td><span style=\"color: #000000;\">Violencia de g\u00e9nero en entornos digitales<\/span><\/td><td><span style=\"color: #000000;\">Both<\/span><\/td><td><span class=\"pill yes\" style=\"color: #000000;\">YES<\/span><\/td><\/tr><tr><td><span style=\"color: #000000;\">Guadalajara (MX)<\/span><\/td><td><span style=\"color: #000000;\">Fundamentos legales de la violencia basada en g\u00e9nero<\/span><\/td><td><span style=\"color: #000000;\">Both<\/span><\/td><td><span class=\"pill yes\" style=\"color: #000000;\">YES<\/span><\/td><\/tr><tr><td><span style=\"color: #000000;\">Guadalajara (MX)<\/span><\/td><td><span style=\"color: #000000;\">Teor\u00eda de las emociones e intervenci\u00f3n de las violencias<\/span><\/td><td><span style=\"color: #000000;\">Both<\/span><\/td><td><span class=\"pill yes\" style=\"color: #000000;\">YES<\/span><\/td><\/tr><tr><td><span style=\"color: #000000;\">Guadalajara (MX)<\/span><\/td><td><span style=\"color: #000000;\">Gender-Based Violence in Digital Environments<\/span><\/td><td><span style=\"color: #000000;\">Both<\/span><\/td><td><span class=\"pill yes\" style=\"color: #000000;\">YES<\/span><\/td><\/tr><tr><td><span style=\"color: #000000;\">Guadalajara (MX)<\/span><\/td><td><span style=\"color: #000000;\">Legal Foundations of Gender-Based Violence<\/span><\/td><td><span style=\"color: #000000;\">Both<\/span><\/td><td><span class=\"pill yes\" style=\"color: #000000;\">YES<\/span><\/td><\/tr><tr><td><span style=\"color: #000000;\">Guadalajara (MX)<\/span><\/td><td><span style=\"color: #000000;\">Theory of Emotions and Intervention in Violence<\/span><\/td><td><span style=\"color: #000000;\">Both<\/span><\/td><td><span class=\"pill yes\" style=\"color: #000000;\">YES<\/span><\/td><\/tr><tr><td><span style=\"color: #000000;\">San Luis (MX)<\/span><\/td><td><span style=\"color: #000000;\">Derecho humano a la Salud: enfoques para la prevenci\u00f3n de la violencia de g\u00e9nero<\/span><\/td><td><span style=\"color: #000000;\">Both<\/span><\/td><td><span class=\"pill yes\" style=\"color: #000000;\">YES<\/span><\/td><\/tr><tr><td><span style=\"color: #000000;\">San Luis (MX)<\/span><\/td><td><span style=\"color: #000000;\">Human Right to Health: Approaches to the Prevention of Gender-Based Violence<\/span><\/td><td><span style=\"color: #000000;\">Both<\/span><\/td><td><span class=\"pill yes\" style=\"color: #000000;\">YES<\/span><\/td><\/tr><tr><td><span style=\"color: #000000;\">Pontifical (PE)<\/span><\/td><td><span style=\"color: #000000;\">Estrategias de autocuidado en el trabajo con violencias de g\u00e9nero<\/span><\/td><td><span style=\"color: #000000;\">Spanish<\/span><\/td><td><span class=\"pill no\" style=\"color: #000000;\">NO<\/span><\/td><\/tr><tr><td><span style=\"color: #000000;\">Pontifical (PE)<\/span><\/td><td><span style=\"color: #000000;\">Violencia de g\u00e9nero y salud mental individual y comunitaria<\/span><\/td><td><span style=\"color: #000000;\">Spanish<\/span><\/td><td><span class=\"pill no\" style=\"color: #000000;\">NO<\/span><\/td><\/tr><tr><td><span style=\"color: #000000;\">Pontifical (PE)<\/span><\/td><td><span style=\"color: #000000;\">Self-Care Strategies in Gender-Based Violence Intervention<\/span><\/td><td><span style=\"color: #000000;\">English<\/span><\/td><td><span class=\"pill no\" style=\"color: #000000;\">NO<\/span><\/td><\/tr><tr><td><span style=\"color: #000000;\">Pontifical (PE)<\/span><\/td><td><span style=\"color: #000000;\">Gender-Based Violence and Individual and Community Mental Health<\/span><\/td><td><span style=\"color: #000000;\">English<\/span><\/td><td><span class=\"pill no\" style=\"color: #000000;\">NO<\/span><\/td><\/tr><\/tbody><\/table><\/div>\t\t\t\t\t\t\t\t<\/div>\n\t\t\t\t<\/div>\n\t\t\t\t\t<\/div>\n\t\t<\/div>\n\t\t\t\t\t<\/div>\n\t\t<\/section>\n\t\t\t\t<\/div>","protected":false},"excerpt":{"rendered":"<p>MDinGBV project presented at Pontificia Universidad Javeriana and Universidad de los Andes in Bogota, Colombia As part of the dissemination activities of the European project Master\u2019s Degree in Gender-Based Violence (MDinGBV) \u2013 co-funded by the European Commission \u2013 representatives from the University of Ljubljana, prof. dr. Aleksandra Kanjuo Mr\u010dela and Ms Vika Pu\u0161nik visited the [&hellip;]<\/p>","protected":false},"author":1,"featured_media":0,"parent":38,"menu_order":0,"comment_status":"closed","ping_status":"closed","template":"elementor_header_footer","meta":{"footnotes":""},"class_list":["post-3005","page","type-page","status-publish","hentry"],"_links":{"self":[{"href":"https:\/\/mdingbv.eu\/es\/wp-json\/wp\/v2\/pages\/3005","targetHints":{"allow":["GET"]}}],"collection":[{"href":"https:\/\/mdingbv.eu\/es\/wp-json\/wp\/v2\/pages"}],"about":[{"href":"https:\/\/mdingbv.eu\/es\/wp-json\/wp\/v2\/types\/page"}],"author":[{"embeddable":true,"href":"https:\/\/mdingbv.eu\/es\/wp-json\/wp\/v2\/users\/1"}],"replies":[{"embeddable":true,"href":"https:\/\/mdingbv.eu\/es\/wp-json\/wp\/v2\/comments?post=3005"}],"version-history":[{"count":11,"href":"https:\/\/mdingbv.eu\/es\/wp-json\/wp\/v2\/pages\/3005\/revisions"}],"predecessor-version":[{"id":3739,"href":"https:\/\/mdingbv.eu\/es\/wp-json\/wp\/v2\/pages\/3005\/revisions\/3739"}],"up":[{"embeddable":true,"href":"https:\/\/mdingbv.eu\/es\/wp-json\/wp\/v2\/pages\/38"}],"wp:attachment":[{"href":"https:\/\/mdingbv.eu\/es\/wp-json\/wp\/v2\/media?parent=3005"}],"curies":[{"name":"wp","href":"https:\/\/api.w.org\/{rel}","templated":true}]}}